{"id":4367,"date":"2025-06-08T21:16:53","date_gmt":"2025-06-08T21:16:53","guid":{"rendered":"https:\/\/dicacr.com\/catalogo\/sin%20categor\u00eda\/basurero-extraible-2-cubos\/"},"modified":"2026-03-23T14:32:46","modified_gmt":"2026-03-23T14:32:46","slug":"basurero-extraible-2-cubos","status":"publish","type":"product","link":"https:\/\/dicacr.com\/en\/catalogo\/basureros-y-reciclaje\/basurero-extraible-2-cubos\/","title":{"rendered":"Basurero Extra\u00edble &#8211; 2 Cubos"},"content":{"rendered":"<p>\u2022 Volumen: 50 litros (2 x 25 L)<br \/>\n\u2022 Tama\u00f1o m\u00f3dulo m\u00ednimo: 400 mm<br \/>\n\u2022 Equipado con riel escondido y fijaci\u00f3n a la base del mueble<br \/>\n\u2022 40.000 ciclos de apertura<br \/>\n\u2022 Material\/acabado: pl\u00e1stico y acero cromado<br \/>\n\u2022 Color: gris antracita<\/p>","protected":false},"excerpt":{"rendered":"<p>\u2022 Volumen: 50 litros (2 x 25 L) \u2022 Tama\u00f1o m\u00f3dulo m\u00ednimo: 400 mm \u2022 Equipado con riel&hellip;<\/p>","protected":false},"featured_media":6777,"template":"","meta":{"_joinchat":[]},"product_cat":[78],"product_tag":[89],"class_list":{"0":"post-4367","1":"product","2":"type-product","3":"status-publish","4":"has-post-thumbnail","6":"product_cat-basureros-y-reciclaje","7":"product_tag-basurero","9":"first","10":"instock","11":"taxable","12":"shipping-taxable","13":"purchasable","14":"product-type-simple"},"yoast_head":"<!-- This site is optimized with the Yoast SEO plugin v27.4 - https:\/\/yoast.com\/product\/yoast-seo-wordpress\/ -->\n<title>Basurero Extra\u00edble - 2 Cubos - DICA - Herrajes e Interiorismo<\/title>\n<meta name=\"robots\" content=\"index, follow, max-snippet:-1, max-image-preview:large, max-video-preview:-1\" \/>\n<link rel=\"canonical\" href=\"https:\/\/dicacr.com\/en\/catalogo\/basureros-y-reciclaje\/basurero-extraible-2-cubos\/\" \/>\n<meta property=\"og:locale\" content=\"en_US\" \/>\n<meta property=\"og:type\" content=\"article\" \/>\n<meta property=\"og:title\" content=\"Basurero Extra\u00edble - 2 Cubos - DICA - Herrajes e Interiorismo\" \/>\n<meta property=\"og:description\" content=\"\u2022 Volumen: 50 litros (2 x 25 L) \u2022 Tama\u00f1o m\u00f3dulo m\u00ednimo: 400 mm \u2022 Equipado con riel&hellip;\" \/>\n<meta property=\"og:url\" content=\"https:\/\/dicacr.com\/en\/catalogo\/basureros-y-reciclaje\/basurero-extraible-2-cubos\/\" \/>\n<meta property=\"og:site_name\" content=\"DICA - Herrajes e Interiorismo\" \/>\n<meta property=\"article:modified_time\" content=\"2026-03-23T14:32:46+00:00\" \/>\n<meta property=\"og:image\" content=\"https:\/\/dicacr.com\/wp-content\/uploads\/2025\/06\/IT30315-BASURERO-2-CUBOS-B-dicacr.jpg\" \/>\n\t<meta property=\"og:image:width\" content=\"1200\" \/>\n\t<meta property=\"og:image:height\" content=\"1200\" \/>\n\t<meta property=\"og:image:type\" content=\"image\/jpeg\" \/>\n<meta name=\"twitter:card\" content=\"summary_large_image\" \/>\n<meta name=\"twitter:label1\" content=\"Est. reading time\" \/>\n\t<meta name=\"twitter:data1\" content=\"1 minute\" \/>\n<script type=\"application\/ld+json\" class=\"yoast-schema-graph\">{\"@context\":\"https:\\\/\\\/schema.org\",\"@graph\":[{\"@type\":\"WebPage\",\"@id\":\"https:\\\/\\\/dicacr.com\\\/catalogo\\\/basureros-y-reciclaje\\\/basurero-extraible-2-cubos\\\/\",\"url\":\"https:\\\/\\\/dicacr.com\\\/catalogo\\\/basureros-y-reciclaje\\\/basurero-extraible-2-cubos\\\/\",\"name\":\"Basurero Extra\u00edble - 2 Cubos - DICA - Herrajes e Interiorismo\",\"isPartOf\":{\"@id\":\"https:\\\/\\\/dicacr.com\\\/#website\"},\"primaryImageOfPage\":{\"@id\":\"https:\\\/\\\/dicacr.com\\\/catalogo\\\/basureros-y-reciclaje\\\/basurero-extraible-2-cubos\\\/#primaryimage\"},\"image\":{\"@id\":\"https:\\\/\\\/dicacr.com\\\/catalogo\\\/basureros-y-reciclaje\\\/basurero-extraible-2-cubos\\\/#primaryimage\"},\"thumbnailUrl\":\"https:\\\/\\\/dicacr.com\\\/wp-content\\\/uploads\\\/2025\\\/06\\\/IT30315-BASURERO-2-CUBOS-B-dicacr.jpg\",\"datePublished\":\"2025-06-08T21:16:53+00:00\",\"dateModified\":\"2026-03-23T14:32:46+00:00\",\"breadcrumb\":{\"@id\":\"https:\\\/\\\/dicacr.com\\\/catalogo\\\/basureros-y-reciclaje\\\/basurero-extraible-2-cubos\\\/#breadcrumb\"},\"inLanguage\":\"en-US\",\"potentialAction\":[{\"@type\":\"ReadAction\",\"target\":[\"https:\\\/\\\/dicacr.com\\\/catalogo\\\/basureros-y-reciclaje\\\/basurero-extraible-2-cubos\\\/\"]}]},{\"@type\":\"ImageObject\",\"inLanguage\":\"en-US\",\"@id\":\"https:\\\/\\\/dicacr.com\\\/catalogo\\\/basureros-y-reciclaje\\\/basurero-extraible-2-cubos\\\/#primaryimage\",\"url\":\"https:\\\/\\\/dicacr.com\\\/wp-content\\\/uploads\\\/2025\\\/06\\\/IT30315-BASURERO-2-CUBOS-B-dicacr.jpg\",\"contentUrl\":\"https:\\\/\\\/dicacr.com\\\/wp-content\\\/uploads\\\/2025\\\/06\\\/IT30315-BASURERO-2-CUBOS-B-dicacr.jpg\",\"width\":1200,\"height\":1200},{\"@type\":\"BreadcrumbList\",\"@id\":\"https:\\\/\\\/dicacr.com\\\/catalogo\\\/basureros-y-reciclaje\\\/basurero-extraible-2-cubos\\\/#breadcrumb\",\"itemListElement\":[{\"@type\":\"ListItem\",\"position\":1,\"name\":\"Home\",\"item\":\"https:\\\/\\\/dicacr.com\\\/\"},{\"@type\":\"ListItem\",\"position\":2,\"name\":\"Cat\u00e1logo\",\"item\":\"https:\\\/\\\/dicacr.com\\\/catalogo\\\/\"},{\"@type\":\"ListItem\",\"position\":3,\"name\":\"Basurero Extra\u00edble 2 Cubos\"}]},{\"@type\":\"WebSite\",\"@id\":\"https:\\\/\\\/dicacr.com\\\/#website\",\"url\":\"https:\\\/\\\/dicacr.com\\\/\",\"name\":\"DICA - Herrajes e Interiorismo\",\"description\":\"Herrajes e Interiorismo\",\"potentialAction\":[{\"@type\":\"SearchAction\",\"target\":{\"@type\":\"EntryPoint\",\"urlTemplate\":\"https:\\\/\\\/dicacr.com\\\/?s={search_term_string}\"},\"query-input\":{\"@type\":\"PropertyValueSpecification\",\"valueRequired\":true,\"valueName\":\"search_term_string\"}}],\"inLanguage\":\"en-US\"}]}<\/script>\n<!-- \/ Yoast SEO plugin. -->","yoast_head_json":{"title":"Basurero Extra\u00edble - 2 Cubos - DICA - Herrajes e Interiorismo","robots":{"index":"index","follow":"follow","max-snippet":"max-snippet:-1","max-image-preview":"max-image-preview:large","max-video-preview":"max-video-preview:-1"},"canonical":"https:\/\/dicacr.com\/en\/catalogo\/basureros-y-reciclaje\/basurero-extraible-2-cubos\/","og_locale":"en_US","og_type":"article","og_title":"Basurero Extra\u00edble - 2 Cubos - DICA - Herrajes e Interiorismo","og_description":"\u2022 Volumen: 50 litros (2 x 25 L) \u2022 Tama\u00f1o m\u00f3dulo m\u00ednimo: 400 mm \u2022 Equipado con riel&hellip;","og_url":"https:\/\/dicacr.com\/en\/catalogo\/basureros-y-reciclaje\/basurero-extraible-2-cubos\/","og_site_name":"DICA - Herrajes e Interiorismo","article_modified_time":"2026-03-23T14:32:46+00:00","og_image":[{"width":1200,"height":1200,"url":"https:\/\/dicacr.com\/wp-content\/uploads\/2025\/06\/IT30315-BASURERO-2-CUBOS-B-dicacr.jpg","type":"image\/jpeg"}],"twitter_card":"summary_large_image","twitter_misc":{"Est. reading time":"1 minute"},"schema":{"@context":"https:\/\/schema.org","@graph":[{"@type":"WebPage","@id":"https:\/\/dicacr.com\/catalogo\/basureros-y-reciclaje\/basurero-extraible-2-cubos\/","url":"https:\/\/dicacr.com\/catalogo\/basureros-y-reciclaje\/basurero-extraible-2-cubos\/","name":"Basurero Extra\u00edble - 2 Cubos - DICA - Herrajes e Interiorismo","isPartOf":{"@id":"https:\/\/dicacr.com\/#website"},"primaryImageOfPage":{"@id":"https:\/\/dicacr.com\/catalogo\/basureros-y-reciclaje\/basurero-extraible-2-cubos\/#primaryimage"},"image":{"@id":"https:\/\/dicacr.com\/catalogo\/basureros-y-reciclaje\/basurero-extraible-2-cubos\/#primaryimage"},"thumbnailUrl":"https:\/\/dicacr.com\/wp-content\/uploads\/2025\/06\/IT30315-BASURERO-2-CUBOS-B-dicacr.jpg","datePublished":"2025-06-08T21:16:53+00:00","dateModified":"2026-03-23T14:32:46+00:00","breadcrumb":{"@id":"https:\/\/dicacr.com\/catalogo\/basureros-y-reciclaje\/basurero-extraible-2-cubos\/#breadcrumb"},"inLanguage":"en-US","potentialAction":[{"@type":"ReadAction","target":["https:\/\/dicacr.com\/catalogo\/basureros-y-reciclaje\/basurero-extraible-2-cubos\/"]}]},{"@type":"ImageObject","inLanguage":"en-US","@id":"https:\/\/dicacr.com\/catalogo\/basureros-y-reciclaje\/basurero-extraible-2-cubos\/#primaryimage","url":"https:\/\/dicacr.com\/wp-content\/uploads\/2025\/06\/IT30315-BASURERO-2-CUBOS-B-dicacr.jpg","contentUrl":"https:\/\/dicacr.com\/wp-content\/uploads\/2025\/06\/IT30315-BASURERO-2-CUBOS-B-dicacr.jpg","width":1200,"height":1200},{"@type":"BreadcrumbList","@id":"https:\/\/dicacr.com\/catalogo\/basureros-y-reciclaje\/basurero-extraible-2-cubos\/#breadcrumb","itemListElement":[{"@type":"ListItem","position":1,"name":"Home","item":"https:\/\/dicacr.com\/"},{"@type":"ListItem","position":2,"name":"Cat\u00e1logo","item":"https:\/\/dicacr.com\/catalogo\/"},{"@type":"ListItem","position":3,"name":"Basurero Extra\u00edble 2 Cubos"}]},{"@type":"WebSite","@id":"https:\/\/dicacr.com\/#website","url":"https:\/\/dicacr.com\/","name":"DICA - Herrajes e Interiorismo","description":"Herrajes e Interiorismo","potentialAction":[{"@type":"SearchAction","target":{"@type":"EntryPoint","urlTemplate":"https:\/\/dicacr.com\/?s={search_term_string}"},"query-input":{"@type":"PropertyValueSpecification","valueRequired":true,"valueName":"search_term_string"}}],"inLanguage":"en-US"}]}},"_links":{"self":[{"href":"https:\/\/dicacr.com\/en\/wp-json\/wp\/v2\/product\/4367","targetHints":{"allow":["GET"]}}],"collection":[{"href":"https:\/\/dicacr.com\/en\/wp-json\/wp\/v2\/product"}],"about":[{"href":"https:\/\/dicacr.com\/en\/wp-json\/wp\/v2\/types\/product"}],"version-history":[{"count":4,"href":"https:\/\/dicacr.com\/en\/wp-json\/wp\/v2\/product\/4367\/revisions"}],"predecessor-version":[{"id":6774,"href":"https:\/\/dicacr.com\/en\/wp-json\/wp\/v2\/product\/4367\/revisions\/6774"}],"wp:featuredmedia":[{"embeddable":true,"href":"https:\/\/dicacr.com\/en\/wp-json\/wp\/v2\/media\/6777"}],"wp:attachment":[{"href":"https:\/\/dicacr.com\/en\/wp-json\/wp\/v2\/media?parent=4367"}],"wp:term":[{"taxonomy":"product_cat","embeddable":true,"href":"https:\/\/dicacr.com\/en\/wp-json\/wp\/v2\/product_cat?post=4367"},{"taxonomy":"product_tag","embeddable":true,"href":"https:\/\/dicacr.com\/en\/wp-json\/wp\/v2\/product_tag?post=4367"}],"curies":[{"name":"wp","href":"https:\/\/api.w.org\/{rel}","templated":true}]}}